{"id":6840,"date":"2026-02-11T11:42:53","date_gmt":"2026-02-11T10:42:53","guid":{"rendered":"https:\/\/colegio.ciamariacangas.org\/?page_id=6840"},"modified":"2026-02-11T14:09:38","modified_gmt":"2026-02-11T13:09:38","slug":"grazas-visita-personalizada","status":"publish","type":"page","link":"https:\/\/colegio.ciamariacangas.org\/gl\/grazas-visita-personalizada\/","title":{"rendered":"Grazas Visita Personalizada"},"content":{"rendered":"\t\t<div data-elementor-type=\"wp-page\" data-elementor-id=\"6840\" class=\"elementor elementor-6840\">\n\t\t\t\t\t\t<section class=\"elementor-section elementor-top-section elementor-element elementor-element-3c03da7 elementor-section-boxed elementor-section-height-default elementor-section-height-default\" data-id=\"3c03da7\" data-element_type=\"section\">\r\n\t\t\t\t\t\t<div class=\"elementor-container elementor-column-gap-default jws_section_\" >\r\n\t\t\t\t<div class=\"elementor-column elementor-col-100 elementor-top-column elementor-element elementor-element-440d20f\" data-id=\"440d20f\" data-element_type=\"column\">\n\t\t\t<div class=\"elementor-widget-wrap elementor-element-populated\">\n\t\t\t\t\t\t<div class=\"elementor-element elementor-element-a26f482 elementor-widget elementor-widget-image\" data-id=\"a26f482\" data-element_type=\"widget\" data-widget_type=\"image.default\">\n\t\t\t\t<div class=\"elementor-widget-container\">\n\t\t\t\t\t\t\t\t\t\t\t\t\t<img decoding=\"async\" src=\"https:\/\/colegio.ciamariacangas.org\/wp-content\/uploads\/2024\/03\/cropped-favicon.png\" title=\"cropped-favicon.png\" alt=\"compania de maria cangas\" loading=\"lazy\" \/>\t\t\t\t\t\t\t\t\t\t\t\t\t<\/div>\n\t\t\t\t<\/div>\n\t\t\t\t<div class=\"elementor-element elementor-element-8809cb7 elementor-widget elementor-widget-heading\" data-id=\"8809cb7\" data-element_type=\"widget\" data-widget_type=\"heading.default\">\n\t\t\t\t<div class=\"elementor-widget-container\">\n\t\t\t<h2 class=\"elementor-heading-title elementor-size-default\">\u00a1 GRAZAS !<\/h2>\t\t<\/div>\n\t\t\t\t<\/div>\n\t\t\t\t<div class=\"elementor-element elementor-element-e9f6316 elementor-widget elementor-widget-text-editor\" data-id=\"e9f6316\" data-element_type=\"widget\" data-widget_type=\"text-editor.default\">\n\t\t\t\t<div class=\"elementor-widget-container\">\n\t\t\t\t\t\t\t<p>O teu formulario foi enviado correctamente.<br><br>En breve contactaremos contigo.<\/p>\t\t\t\t\t\t<\/div>\n\t\t\t\t<\/div>\n\t\t\t\t<div class=\"elementor-element elementor-element-b0a76e7 elementor-align-center elementor-widget elementor-widget-button\" data-id=\"b0a76e7\" data-element_type=\"widget\" data-widget_type=\"button.default\">\n\t\t\t\t<div class=\"elementor-widget-container\">\n\t\t\t\t\t\t\t<div class=\"elementor-button-wrapper\">\n\t\t\t\t\t<a class=\"elementor-button elementor-button-link elementor-size-sm\" href=\"\/gl\/visita-personalizada-2026\">\n\t\t\t\t\t\t<span class=\"elementor-button-content-wrapper\">\n\t\t\t\t\t\t\t\t\t<span class=\"elementor-button-text\">Volver <\/span>\n\t\t\t\t\t<\/span>\n\t\t\t\t\t<\/a>\n\t\t\t\t<\/div>\n\t\t\t\t\t\t<\/div>\n\t\t\t\t<\/div>\n\t\t\t\t\t<\/div>\n\t\t<\/div>\n\t\t\t\t      \r\n            \r\n              \r\n            \r\n            \t\r\n\t\t\t<\/div>\r\n\t\t<\/section>\r\n\t\t\t\t<\/div>\n\t\t","protected":false},"excerpt":{"rendered":"<p>\u00a1 GRAZAS ! O teu formulario foi enviado correctamente. En breve contactaremos contigo. Volver<\/p>\n","protected":false},"author":1,"featured_media":0,"parent":0,"menu_order":0,"comment_status":"closed","ping_status":"closed","template":"","meta":{"footnotes":""},"class_list":["post-6840","page","type-page","status-publish","hentry"],"yoast_head":"<!-- This site is optimized with the Yoast SEO plugin v26.7 - https:\/\/yoast.com\/wordpress\/plugins\/seo\/ -->\n<title>Grazas Visita Personalizada | Colegio Compa\u00f1\u00eda de Mar\u00eda<\/title>\n<meta name=\"robots\" content=\"index, follow, max-snippet:-1, max-image-preview:large, max-video-preview:-1\" \/>\n<link rel=\"canonical\" href=\"https:\/\/colegio.ciamariacangas.org\/gl\/grazas-visita-personalizada\/\" \/>\n<meta property=\"og:locale\" content=\"gl_ES\" \/>\n<meta property=\"og:type\" content=\"article\" \/>\n<meta property=\"og:title\" content=\"Grazas Visita Personalizada | Colegio Compa\u00f1\u00eda de Mar\u00eda\" \/>\n<meta property=\"og:description\" content=\"\u00a1 GRAZAS ! O teu formulario foi enviado correctamente. En breve contactaremos contigo. Volver\" \/>\n<meta property=\"og:url\" content=\"https:\/\/colegio.ciamariacangas.org\/gl\/grazas-visita-personalizada\/\" \/>\n<meta property=\"og:site_name\" content=\"Colegio Compa\u00f1\u00eda de Mar\u00eda\" \/>\n<meta property=\"article:modified_time\" content=\"2026-02-11T13:09:38+00:00\" \/>\n<meta property=\"og:image\" content=\"http:\/\/colegio.ciamariacangas.org\/wp-content\/uploads\/elementor\/thumbs\/cropped-favicon-qxl2ztyb5ktcx9wafuuzoob8p6xsodjg54lie3ot7s.png\" \/>\n<meta name=\"twitter:card\" content=\"summary_large_image\" \/>\n<meta name=\"twitter:label1\" content=\"Tempo de lectura\" \/>\n\t<meta name=\"twitter:data1\" content=\"1 minuto\" \/>\n<script type=\"application\/ld+json\" class=\"yoast-schema-graph\">{\"@context\":\"https:\/\/schema.org\",\"@graph\":[{\"@type\":\"WebPage\",\"@id\":\"https:\/\/colegio.ciamariacangas.org\/gl\/grazas-visita-personalizada\/\",\"url\":\"https:\/\/colegio.ciamariacangas.org\/gl\/grazas-visita-personalizada\/\",\"name\":\"Grazas Visita Personalizada | Colegio Compa\u00f1\u00eda de Mar\u00eda\",\"isPartOf\":{\"@id\":\"https:\/\/colegio.ciamariacangas.org\/#website\"},\"primaryImageOfPage\":{\"@id\":\"https:\/\/colegio.ciamariacangas.org\/gl\/grazas-visita-personalizada\/#primaryimage\"},\"image\":{\"@id\":\"https:\/\/colegio.ciamariacangas.org\/gl\/grazas-visita-personalizada\/#primaryimage\"},\"thumbnailUrl\":\"http:\/\/colegio.ciamariacangas.org\/wp-content\/uploads\/elementor\/thumbs\/cropped-favicon-qxl2ztyb5ktcx9wafuuzoob8p6xsodjg54lie3ot7s.png\",\"datePublished\":\"2026-02-11T10:42:53+00:00\",\"dateModified\":\"2026-02-11T13:09:38+00:00\",\"breadcrumb\":{\"@id\":\"https:\/\/colegio.ciamariacangas.org\/gl\/grazas-visita-personalizada\/#breadcrumb\"},\"inLanguage\":\"gl-ES\",\"potentialAction\":[{\"@type\":\"ReadAction\",\"target\":[\"https:\/\/colegio.ciamariacangas.org\/gl\/grazas-visita-personalizada\/\"]}]},{\"@type\":\"ImageObject\",\"inLanguage\":\"gl-ES\",\"@id\":\"https:\/\/colegio.ciamariacangas.org\/gl\/grazas-visita-personalizada\/#primaryimage\",\"url\":\"http:\/\/colegio.ciamariacangas.org\/wp-content\/uploads\/elementor\/thumbs\/cropped-favicon-qxl2ztyb5ktcx9wafuuzoob8p6xsodjg54lie3ot7s.png\",\"contentUrl\":\"http:\/\/colegio.ciamariacangas.org\/wp-content\/uploads\/elementor\/thumbs\/cropped-favicon-qxl2ztyb5ktcx9wafuuzoob8p6xsodjg54lie3ot7s.png\"},{\"@type\":\"BreadcrumbList\",\"@id\":\"https:\/\/colegio.ciamariacangas.org\/gl\/grazas-visita-personalizada\/#breadcrumb\",\"itemListElement\":[{\"@type\":\"ListItem\",\"position\":1,\"name\":\"Portada\",\"item\":\"https:\/\/colegio.ciamariacangas.org\/gl\/\"},{\"@type\":\"ListItem\",\"position\":2,\"name\":\"Grazas Visita Personalizada\"}]},{\"@type\":\"WebSite\",\"@id\":\"https:\/\/colegio.ciamariacangas.org\/#website\",\"url\":\"https:\/\/colegio.ciamariacangas.org\/\",\"name\":\"Colegio Compa\u00f1\u00eda de Mar\u00eda\",\"description\":\"Compa\u00f1\u00eda de Mar\u00eda - Cangas\",\"alternateName\":\"Colegio Compa\u00f1\u00eda de Mar\u00eda Cangas\",\"potentialAction\":[{\"@type\":\"SearchAction\",\"target\":{\"@type\":\"EntryPoint\",\"urlTemplate\":\"https:\/\/colegio.ciamariacangas.org\/?s={search_term_string}\"},\"query-input\":{\"@type\":\"PropertyValueSpecification\",\"valueRequired\":true,\"valueName\":\"search_term_string\"}}],\"inLanguage\":\"gl-ES\"}]}<\/script>\n<!-- \/ Yoast SEO plugin. -->","yoast_head_json":{"title":"Grazas Visita Personalizada | Colegio Compa\u00f1\u00eda de Mar\u00eda","robots":{"index":"index","follow":"follow","max-snippet":"max-snippet:-1","max-image-preview":"max-image-preview:large","max-video-preview":"max-video-preview:-1"},"canonical":"https:\/\/colegio.ciamariacangas.org\/gl\/grazas-visita-personalizada\/","og_locale":"gl_ES","og_type":"article","og_title":"Grazas Visita Personalizada | Colegio Compa\u00f1\u00eda de Mar\u00eda","og_description":"\u00a1 GRAZAS ! O teu formulario foi enviado correctamente. En breve contactaremos contigo. Volver","og_url":"https:\/\/colegio.ciamariacangas.org\/gl\/grazas-visita-personalizada\/","og_site_name":"Colegio Compa\u00f1\u00eda de Mar\u00eda","article_modified_time":"2026-02-11T13:09:38+00:00","og_image":[{"url":"http:\/\/colegio.ciamariacangas.org\/wp-content\/uploads\/elementor\/thumbs\/cropped-favicon-qxl2ztyb5ktcx9wafuuzoob8p6xsodjg54lie3ot7s.png","type":"","width":"","height":""}],"twitter_card":"summary_large_image","twitter_misc":{"Tempo de lectura":"1 minuto"},"schema":{"@context":"https:\/\/schema.org","@graph":[{"@type":"WebPage","@id":"https:\/\/colegio.ciamariacangas.org\/gl\/grazas-visita-personalizada\/","url":"https:\/\/colegio.ciamariacangas.org\/gl\/grazas-visita-personalizada\/","name":"Grazas Visita Personalizada | Colegio Compa\u00f1\u00eda de Mar\u00eda","isPartOf":{"@id":"https:\/\/colegio.ciamariacangas.org\/#website"},"primaryImageOfPage":{"@id":"https:\/\/colegio.ciamariacangas.org\/gl\/grazas-visita-personalizada\/#primaryimage"},"image":{"@id":"https:\/\/colegio.ciamariacangas.org\/gl\/grazas-visita-personalizada\/#primaryimage"},"thumbnailUrl":"http:\/\/colegio.ciamariacangas.org\/wp-content\/uploads\/elementor\/thumbs\/cropped-favicon-qxl2ztyb5ktcx9wafuuzoob8p6xsodjg54lie3ot7s.png","datePublished":"2026-02-11T10:42:53+00:00","dateModified":"2026-02-11T13:09:38+00:00","breadcrumb":{"@id":"https:\/\/colegio.ciamariacangas.org\/gl\/grazas-visita-personalizada\/#breadcrumb"},"inLanguage":"gl-ES","potentialAction":[{"@type":"ReadAction","target":["https:\/\/colegio.ciamariacangas.org\/gl\/grazas-visita-personalizada\/"]}]},{"@type":"ImageObject","inLanguage":"gl-ES","@id":"https:\/\/colegio.ciamariacangas.org\/gl\/grazas-visita-personalizada\/#primaryimage","url":"http:\/\/colegio.ciamariacangas.org\/wp-content\/uploads\/elementor\/thumbs\/cropped-favicon-qxl2ztyb5ktcx9wafuuzoob8p6xsodjg54lie3ot7s.png","contentUrl":"http:\/\/colegio.ciamariacangas.org\/wp-content\/uploads\/elementor\/thumbs\/cropped-favicon-qxl2ztyb5ktcx9wafuuzoob8p6xsodjg54lie3ot7s.png"},{"@type":"BreadcrumbList","@id":"https:\/\/colegio.ciamariacangas.org\/gl\/grazas-visita-personalizada\/#breadcrumb","itemListElement":[{"@type":"ListItem","position":1,"name":"Portada","item":"https:\/\/colegio.ciamariacangas.org\/gl\/"},{"@type":"ListItem","position":2,"name":"Grazas Visita Personalizada"}]},{"@type":"WebSite","@id":"https:\/\/colegio.ciamariacangas.org\/#website","url":"https:\/\/colegio.ciamariacangas.org\/","name":"Colegio Compa\u00f1\u00eda de Mar\u00eda","description":"Compa\u00f1\u00eda de Mar\u00eda - Cangas","alternateName":"Colegio Compa\u00f1\u00eda de Mar\u00eda Cangas","potentialAction":[{"@type":"SearchAction","target":{"@type":"EntryPoint","urlTemplate":"https:\/\/colegio.ciamariacangas.org\/?s={search_term_string}"},"query-input":{"@type":"PropertyValueSpecification","valueRequired":true,"valueName":"search_term_string"}}],"inLanguage":"gl-ES"}]}},"_links":{"self":[{"href":"https:\/\/colegio.ciamariacangas.org\/gl\/wp-json\/wp\/v2\/pages\/6840","targetHints":{"allow":["GET"]}}],"collection":[{"href":"https:\/\/colegio.ciamariacangas.org\/gl\/wp-json\/wp\/v2\/pages"}],"about":[{"href":"https:\/\/colegio.ciamariacangas.org\/gl\/wp-json\/wp\/v2\/types\/page"}],"author":[{"embeddable":true,"href":"https:\/\/colegio.ciamariacangas.org\/gl\/wp-json\/wp\/v2\/users\/1"}],"replies":[{"embeddable":true,"href":"https:\/\/colegio.ciamariacangas.org\/gl\/wp-json\/wp\/v2\/comments?post=6840"}],"version-history":[{"count":8,"href":"https:\/\/colegio.ciamariacangas.org\/gl\/wp-json\/wp\/v2\/pages\/6840\/revisions"}],"predecessor-version":[{"id":6882,"href":"https:\/\/colegio.ciamariacangas.org\/gl\/wp-json\/wp\/v2\/pages\/6840\/revisions\/6882"}],"wp:attachment":[{"href":"https:\/\/colegio.ciamariacangas.org\/gl\/wp-json\/wp\/v2\/media?parent=6840"}],"curies":[{"name":"wp","href":"https:\/\/api.w.org\/{rel}","templated":true}]}}